{"id":128,"date":"2026-03-28T07:17:12","date_gmt":"2026-03-28T07:17:12","guid":{"rendered":"https:\/\/haiku.best\/?page_id=128"},"modified":"2026-03-28T07:19:49","modified_gmt":"2026-03-28T07:19:49","slug":"dawid","status":"publish","type":"page","link":"https:\/\/haiku.best\/index.php\/dawid\/","title":{"rendered":"DaWiD"},"content":{"rendered":"\n<div class=\"wp-block-group alignfull is-style-section-5 is-layout-flow wp-block-group-is-layout-flow is-style-section-5--1\" style=\"min-height:100vh;margin-top:0;margin-bottom:0;padding-top:var(--wp--preset--spacing--50);padding-right:var(--wp--preset--spacing--50);padding-bottom:var(--wp--preset--spacing--50);padding-left:var(--wp--preset--spacing--50)\">\n<div class=\"wp-block-columns alignfull is-layout-flex wp-container-core-columns-is-layout-47c06fe3 wp-block-columns-is-layout-flex\">\n<div class=\"wp-block-column is-layout-flow wp-block-column-is-layout-flow\">\n<div class=\"wp-block-cover is-light\" style=\"min-height:100vh;aspect-ratio:unset;\"><img loading=\"lazy\" decoding=\"async\" width=\"742\" height=\"1024\" class=\"wp-block-cover__image-background wp-image-129 size-large\" alt=\"\" src=\"https:\/\/haiku.best\/wp-content\/uploads\/2026\/03\/dawid-742x1024.jpg\" style=\"object-position:42% 16%\" data-object-fit=\"cover\" data-object-position=\"42% 16%\" srcset=\"https:\/\/haiku.best\/wp-content\/uploads\/2026\/03\/dawid-742x1024.jpg 742w, https:\/\/haiku.best\/wp-content\/uploads\/2026\/03\/dawid-217x300.jpg 217w, https:\/\/haiku.best\/wp-content\/uploads\/2026\/03\/dawid-768x1060.jpg 768w, https:\/\/haiku.best\/wp-content\/uploads\/2026\/03\/dawid-1113x1536.jpg 1113w, https:\/\/haiku.best\/wp-content\/uploads\/2026\/03\/dawid-1483x2048.jpg 1483w, https:\/\/haiku.best\/wp-content\/uploads\/2026\/03\/dawid.jpg 1566w\" sizes=\"auto, (max-width: 742px) 100vw, 742px\" \/><span aria-hidden=\"true\" class=\"wp-block-cover__background has-background-dim-0 has-background-dim\" style=\"background-color:#999999\"><\/span><div class=\"wp-block-cover__inner-container is-layout-flow wp-block-cover-is-layout-flow\">\n<div style=\"height:var(--wp--preset--spacing--20)\" aria-hidden=\"true\" class=\"wp-block-spacer\"><\/div>\n<\/div><\/div>\n<\/div>\n\n\n\n<div class=\"wp-block-column is-layout-flow wp-block-column-is-layout-flow\">\n<div class=\"wp-block-group is-vertical is-content-justification-stretch is-nowrap is-layout-flex wp-container-core-group-is-layout-9a2e2d63 wp-block-group-is-layout-flex\" style=\"min-height:100%\">\n<p class=\"has-text-align-left has-x-large-font-size\" style=\"line-height:1.2\">jesTem   <strong>D<\/strong> a<strong>W<\/strong>i <strong>D <\/strong><br><br>Mech rzeczywisto\u015bci si\u0119 \u0142uszczy. <br><br>Pytania zostaj\u0105 bez odpowiedzi.<br><br>Z ka\u017cdym dniem cia\u0142o paruje, a potrzeba dziko\u015bci cia\u0142 si\u0119 zwi\u0119ksza&#8230;..<br><br>Zata\u0144czmy w blasku ksi\u0119\u017cyca&#8230;.<\/p>\n\n\n\n<hr class=\"wp-block-separator has-alpha-channel-opacity\"\/>\n\n\n\n<p class=\"has-text-align-left has-x-large-font-size\" style=\"line-height:1.2\">jestem zwyk\u0142ym mchem porastaj\u0105cym kamie\u0144, g\u00f3rskim potokiem, szumem drzew i huraganem, kt\u00f3ry \u0142amie, przewraca, wyrywa z korzeniami i wyrzuca w otch\u0142a\u0144.<br><br><br><br>&#8222;Kryje si\u0119 co\u015b niedobrego w m\u0119\u017cczyznach, kt\u00f3rzy unikaj\u0105 wina, gier, towarzystwa pi\u0119knych kobiet i ucztowania. Tacy ludzie albo s\u0105 ci\u0119\u017cko chorzy, albo w g\u0142\u0119bi duszy nienawidz\u0105 otoczenia&#8221; Bu\u0142hakow <br><\/p>\n\n\n\n<p><\/p>\n\n\n\n<p><\/p>\n\n\n\n<p><\/p>\n\n\n\n<p><\/p>\n\n\n\n<p><\/p>\n\n\n\n<p><\/p>\n\n\n\n<p><\/p>\n\n\n\n<p><\/p>\n\n\n\n<p><\/p>\n\n\n\n<p><\/p>\n\n\n\n<p><\/p>\n\n\n\n<p><\/p>\n\n\n\n<p><\/p>\n\n\n\n<p><\/p>\n\n\n\n<p><\/p>\n\n\n\n<p><\/p>\n\n\n\n<p><\/p>\n\n\n\n<p><\/p>\n\n\n\n<p><\/p>\n\n\n\n<p><\/p>\n\n\n\n<p><\/p>\n\n\n\n<p><\/p>\n\n\n\n<p><\/p>\n\n\n\n<p class=\"has-text-align-left has-x-large-font-size\" style=\"line-height:1.2\"><br><\/p>\n\n\n\n<div class=\"wp-block-group is-nowrap is-layout-flex wp-container-core-group-is-layout-f1189ed3 wp-block-group-is-layout-flex\">\n<p><a href=\"#\">Instagram<\/a><\/p>\n\n\n\n<p><a href=\"#\">X<\/a><\/p>\n\n\n\n<p><a href=\"#\">TikTok<\/a><\/p>\n<\/div>\n<\/div>\n<\/div>\n<\/div>\n<\/div>\n","protected":false},"excerpt":{"rendered":"<p>jesTem D aWi D Mech rzeczywisto\u015bci si\u0119 \u0142uszczy. Pytania zostaj\u0105 bez odpowiedzi. Z ka\u017cdym dniem cia\u0142o paruje, a potrzeba dziko\u015bci cia\u0142 si\u0119 zwi\u0119ksza&#8230;.. Zata\u0144czmy w blasku ksi\u0119\u017cyca&#8230;. jestem zwyk\u0142ym mchem porastaj\u0105cym kamie\u0144, g\u00f3rskim potokiem, szumem drzew i huraganem, kt\u00f3ry \u0142amie, przewraca, wyrywa z korzeniami i wyrzuca w otch\u0142a\u0144. &#8222;Kryje si\u0119 co\u015b niedobrego w m\u0119\u017cczyznach, kt\u00f3rzy [&hellip;]<\/p>\n","protected":false},"author":1,"featured_media":0,"parent":0,"menu_order":0,"comment_status":"closed","ping_status":"closed","template":"","meta":{"_monsterinsights_skip_tracking":false,"_monsterinsights_sitenote_active":false,"_monsterinsights_sitenote_note":"","_monsterinsights_sitenote_category":0,"_uf_show_specific_survey":0,"_uf_disable_surveys":false,"footnotes":""},"class_list":["post-128","page","type-page","status-publish","hentry"],"aioseo_notices":[],"_links":{"self":[{"href":"https:\/\/haiku.best\/index.php\/wp-json\/wp\/v2\/pages\/128","targetHints":{"allow":["GET"]}}],"collection":[{"href":"https:\/\/haiku.best\/index.php\/wp-json\/wp\/v2\/pages"}],"about":[{"href":"https:\/\/haiku.best\/index.php\/wp-json\/wp\/v2\/types\/page"}],"author":[{"embeddable":true,"href":"https:\/\/haiku.best\/index.php\/wp-json\/wp\/v2\/users\/1"}],"replies":[{"embeddable":true,"href":"https:\/\/haiku.best\/index.php\/wp-json\/wp\/v2\/comments?post=128"}],"version-history":[{"count":4,"href":"https:\/\/haiku.best\/index.php\/wp-json\/wp\/v2\/pages\/128\/revisions"}],"predecessor-version":[{"id":135,"href":"https:\/\/haiku.best\/index.php\/wp-json\/wp\/v2\/pages\/128\/revisions\/135"}],"wp:attachment":[{"href":"https:\/\/haiku.best\/index.php\/wp-json\/wp\/v2\/media?parent=128"}],"curies":[{"name":"wp","href":"https:\/\/api.w.org\/{rel}","templated":true}]}}